{"id":1329,"date":"2014-12-02T10:36:47","date_gmt":"2014-12-02T09:36:47","guid":{"rendered":"https:\/\/mecoskop.lu\/?page_id=1329"},"modified":"2025-11-26T15:23:35","modified_gmt":"2025-11-26T13:23:35","slug":"objectifs-du-mecoscope","status":"publish","type":"page","link":"https:\/\/mecoskop.lu\/fr\/objectifs-du-mecoscope\/","title":{"rendered":"OBJECTIFS DU MECOSCOPE"},"content":{"rendered":"<p><strong>Le MECOSKOP, un indicateur de la mise en \u0153uvre du programme gouvernemental<\/strong><\/p>\n<p><b>\u00ab Regarder le gouvernement en face \u00bb.<\/b><\/p>\n<p>Chers lecteurs, ch\u00e8res lectrices,<\/p>\n<p>Le gouvernement met-il effectivement en \u0153uvre ce qu&rsquo;il a promis dans le programme gouvernemental en mati\u00e8re de d\u00e9veloppement durable ? L&rsquo;objectif principal du \u00ab Mecoscope \u00bb est d&rsquo;accompagner et de v\u00e9rifier ce point.<\/p>\n<p>Il permet de montrer de mani\u00e8re claire dans quelle mesure un gouvernement satisfait \u00e0 ses propres exigences et aux promesses faites aux citoyens.<\/p>\n<p>Cependant, le Mecoscope a \u00e9galement pour but d&rsquo;inciter les minist\u00e8res \u00e0 mettre en \u0153uvre les exigences de l&rsquo;accord de coalition.<\/p>\n<p><strong>Le Mouvement Ecologique a retenu 77 promesses centrales dans le domaine du \u00ab d\u00e9veloppement durable \u00bb du programme gouvernemental.<\/strong><\/p>\n<p><b><span style=\"text-decoration: underline;\">Comment fonctionne le <i>Mecoskop<\/i>?<\/span><\/b><\/p>\n<p>Toutes les promesses sont \u00e9valu\u00e9es aussi objectivement que possible. Une sorte de barom\u00e8tre de la mise en \u0153uvre de la mesure au cours de la l\u00e9gislature sert \u00e0 chaque fois \u00e0 visualiser la mise en pratique.<\/p>\n<p><b>Nous distinguons 4 phases de transposition:<\/b><\/p>\n<p><a href=\"https:\/\/mecoskop.lu\/wp-content\/uploads\/2014\/12\/Work_rout.png\"><img loading=\"lazy\" decoding=\"async\" class=\"alignnone size-full wp-image-1333\" src=\"https:\/\/mecoskop.lu\/wp-content\/uploads\/2014\/12\/Work_rout.png\" alt=\"Work_rout\" width=\"144\" height=\"39\" \/><\/a>\u00a0 \u00a0\u00ab\u00a0Selon nos informations, la transposition n\u2019est pas encore entam\u00e9e.\u00a0\u00bb<\/p>\n<p><a href=\"https:\/\/mecoskop.lu\/wp-content\/uploads\/2014\/12\/Work_orange.png\"><img loading=\"lazy\" decoding=\"async\" class=\"alignnone size-full wp-image-1334\" src=\"https:\/\/mecoskop.lu\/wp-content\/uploads\/2014\/12\/Work_orange.png\" alt=\"Work_orange\" width=\"144\" height=\"39\" \/><\/a>\u00a0 \u00a0\u00ab Pour autant que l\u2019on sache, la transposition est en cours de pr\u00e9paration \/ a \u00e9t\u00e9 abord\u00e9e . \u00bb<\/p>\n<p><a href=\"https:\/\/mecoskop.lu\/wp-content\/uploads\/2014\/12\/Work_giel.png\"><img loading=\"lazy\" decoding=\"async\" class=\"alignnone size-full wp-image-1335\" src=\"https:\/\/mecoskop.lu\/wp-content\/uploads\/2014\/12\/Work_giel.png\" alt=\"Work_giel\" width=\"144\" height=\"39\" \/><\/a>\u00a0 \u00a0\u00ab\u00a0La transposition fait l\u2019objet d\u2019un traitement d\u00e9taill\u00e9\u00a0; elle est bien avanc\u00e9e.\u00a0\u00bb<\/p>\n<p><a href=\"https:\/\/mecoskop.lu\/wp-content\/uploads\/2014\/12\/Work_gr\u00e9ng.png\"><img loading=\"lazy\" decoding=\"async\" class=\"alignnone size-full wp-image-1336\" src=\"https:\/\/mecoskop.lu\/wp-content\/uploads\/2014\/12\/Work_gr\u00e9ng.png\" alt=\"Work_gr\u00e9ng\" width=\"144\" height=\"39\" \/><\/a>\u00a0 \u00a0\u00ab\u00a0La transposition est termin\u00e9e.\u00a0\u00bb<\/p>\n<p>En outre, des photos des responsables gouvernementaux montrent \u00e0 chaque fois quel minist\u00e8re est responsable de la mise en \u0153uvre en raison de ses comp\u00e9tences. Il convient toutefois de faire la remarque suivante : certains th\u00e8mes, et surtout certains instruments, sont abord\u00e9s dans plusieurs passages du programme gouvernemental. Il n&rsquo;est pas toujours possible de savoir quel(s) minist\u00e8re(s) est (sont) responsable(s) de la mise en \u0153uvre. L&rsquo;attribution a \u00e9t\u00e9 faite au mieux de nos connaissances.<\/p>\n<p>Mais comme certains points concernent manifestement l&rsquo;ensemble du gouvernement, le Mouvement Ecologique a \u00e9galement pr\u00e9sent\u00e9 certaines promesses de cette mani\u00e8re.<\/p>\n<p><b>La qualit\u00e9 de la mise en \u0153uvre est \u00e9galement \u00e9valu\u00e9e, dans la mesure du possible,<\/b> <b>du point de vue du Mouvement Ecologique<\/b>. En effet, il est tout \u00e0 fait possible qu&rsquo;une promesse ait \u00e9t\u00e9 abord\u00e9e, mais que sa mise en \u0153uvre soit hautement probl\u00e9matique du point de vue du Mouvement Ecologique. Cette \u00e9valuation est repr\u00e9sent\u00e9e sous forme de \u00ab smileys \u00bb.<\/p>\n<p><b><u>Sur quelles informations se base le Mecoskop ?<\/u><\/b><\/p>\n<p>L&rsquo;<b>\u00e9valuation<\/b> de la mise en \u0153uvre des mesures se base exclusivement sur<b> des informations accessibles au public,<\/b> par exemple des d\u00e9clarations de responsables politiques, des (avant-)projets de loi, des r\u00e8glements, des travaux dans des commissions (comme le Conseil d&rsquo;\u00c9tat et la Chambre des d\u00e9put\u00e9s), etc.<\/p>\n<p>Dans le cadre de l&rsquo;\u00e9valuation, le Mouvement Ecologique n&rsquo;a donc adress\u00e9 <i>que tr\u00e8s peu de<\/i> demandes suppl\u00e9mentaires aux minist\u00e8res et aux administrations : cela n&rsquo;aurait pas non plus \u00e9t\u00e9 possible en termes de temps et de personnel.<\/p>\n<p>En outre, il est \u00e9galement du devoir du gouvernement de veiller \u00e0 ce que le public soit r\u00e9guli\u00e8rement inform\u00e9 de l&rsquo;\u00e9tat de ses travaux par le biais d&rsquo;une bonne politique de communication. Comme le \u00ab Mecoscope \u00bb est r\u00e9guli\u00e8rement r\u00e9vis\u00e9, il est toujours possible de le <b>mettre \u00e0 jour<\/b>. Nous sommes reconnaissants pour toute information qui pourrait permettre de compl\u00e9ter les informations.<\/p>\n<p>D&rsquo;ailleurs, le<i> Mecoscope<\/i> est mis \u00e0 jour en permanence, au plus tard tous les six mois. Cela ne se fait toutefois pas tous les jours, de sorte qu&rsquo;il est tout \u00e0 fait possible qu&rsquo;il y ait de l\u00e9gers d\u00e9calages horaires.<\/p>\n<p>La cr\u00e9ation et la mise \u00e0 jour du <i>Mecoscope <\/i>demandent beaucoup de travail et sont donc co\u00fbteuses.<\/p>\n<p>Si vous souhaitez y contribuer par un don, nous vous en sommes tr\u00e8s reconnaissants par avance. Les comptes de dons de la fondation \u00d6kofonds : CCPL LU96 1111 0734 1886 0000 ou BCEE LU31 0019 1100 4403 9000. Mention : MECOSKOP. Les dons \u00e0 la fondation \u00d6kofonds sont d\u00e9ductibles des imp\u00f4ts.<\/p>\n<p><a href=\"https:\/\/mecoskop.lu\/wp-content\/uploads\/2024\/12\/Design-ohne-Titel.png\"><img loading=\"lazy\" decoding=\"async\" class=\"alignnone wp-image-5078\" src=\"https:\/\/mecoskop.lu\/wp-content\/uploads\/2024\/12\/Design-ohne-Titel.png\" alt=\"\" width=\"176\" height=\"162\" srcset=\"https:\/\/mecoskop.lu\/wp-content\/uploads\/2024\/12\/Design-ohne-Titel.png 2185w, https:\/\/mecoskop.lu\/wp-content\/uploads\/2024\/12\/Design-ohne-Titel-300x276.png 300w, https:\/\/mecoskop.lu\/wp-content\/uploads\/2024\/12\/Design-ohne-Titel-1024x941.png 1024w, https:\/\/mecoskop.lu\/wp-content\/uploads\/2024\/12\/Design-ohne-Titel-768x706.png 768w, https:\/\/mecoskop.lu\/wp-content\/uploads\/2024\/12\/Design-ohne-Titel-1536x1412.png 1536w, https:\/\/mecoskop.lu\/wp-content\/uploads\/2024\/12\/Design-ohne-Titel-2048x1882.png 2048w, https:\/\/mecoskop.lu\/wp-content\/uploads\/2024\/12\/Design-ohne-Titel-624x573.png 624w\" sizes=\"auto, (max-width: 176px) 100vw, 176px\" \/><\/a><\/p>\n<p>&nbsp;<\/p>\n<p><b><i>Si vous avez des suggestions, des questions&#8230; ou si vous souhaitez nous informer de d\u00e9veloppements qui n&rsquo;ont pas \u00e9t\u00e9 pris en compte, envoyez-nous un e-mail : nous sommes ouverts \u00e0 toute suggestion : email : <\/i><\/b><a href=\"mailto:meco@oeko.lu\"><b><i>meco@oeko.lu<\/i><\/b><\/a><b><i> &#8211; mot-cl\u00e9 : \u00ab Mecoskop \u00bb.<\/i><\/b><\/p>\n<p>&nbsp;<\/p>\n<p>&nbsp;<\/p>\n<p><span data-olk-copy-source=\"MessageBody\"><em>Derni\u00e8re mise \u00e0 jour novembre 2025<\/em><\/span><\/p>\n","protected":false},"excerpt":{"rendered":"<p>Le MECOSKOP, un indicateur de la mise en \u0153uvre du programme gouvernemental \u00ab Regarder le gouvernement en face \u00bb. Chers lecteurs, ch\u00e8res lectrices, Le gouvernement met-il effectivement en \u0153uvre ce qu&rsquo;il a promis dans le programme gouvernemental en mati\u00e8re de d\u00e9veloppement durable ? L&rsquo;objectif principal du \u00ab Mecoscope \u00bb est d&rsquo;accompagner et de v\u00e9rifier ce [&hellip;]<\/p>\n","protected":false},"author":2,"featured_media":0,"parent":0,"menu_order":0,"comment_status":"closed","ping_status":"closed","template":"","meta":{"_acf_changed":false,"footnotes":""},"class_list":["post-1329","page","type-page","status-publish","hentry"],"acf":[],"_links":{"self":[{"href":"https:\/\/mecoskop.lu\/fr\/wp-json\/wp\/v2\/pages\/1329","targetHints":{"allow":["GET"]}}],"collection":[{"href":"https:\/\/mecoskop.lu\/fr\/wp-json\/wp\/v2\/pages"}],"about":[{"href":"https:\/\/mecoskop.lu\/fr\/wp-json\/wp\/v2\/types\/page"}],"author":[{"embeddable":true,"href":"https:\/\/mecoskop.lu\/fr\/wp-json\/wp\/v2\/users\/2"}],"replies":[{"embeddable":true,"href":"https:\/\/mecoskop.lu\/fr\/wp-json\/wp\/v2\/comments?post=1329"}],"version-history":[{"count":23,"href":"https:\/\/mecoskop.lu\/fr\/wp-json\/wp\/v2\/pages\/1329\/revisions"}],"predecessor-version":[{"id":5907,"href":"https:\/\/mecoskop.lu\/fr\/wp-json\/wp\/v2\/pages\/1329\/revisions\/5907"}],"wp:attachment":[{"href":"https:\/\/mecoskop.lu\/fr\/wp-json\/wp\/v2\/media?parent=1329"}],"curies":[{"name":"wp","href":"https:\/\/api.w.org\/{rel}","templated":true}]}}