{"id":5060,"date":"2024-10-18T15:13:38","date_gmt":"2024-10-18T13:13:38","guid":{"rendered":"https:\/\/mecoskop.lu\/angewandte-kriterien\/"},"modified":"2024-12-17T12:34:44","modified_gmt":"2024-12-17T10:34:44","slug":"criteres-appliques","status":"publish","type":"page","link":"https:\/\/mecoskop.lu\/fr\/criteres-appliques\/","title":{"rendered":"CRIT\u00c8RES APPLIQU\u00c9S"},"content":{"rendered":"<ul>\n<li>Seules les d\u00e9clarations dans les domaines que le Mouvement Ecologique traite (activement) et suit donc ou qui sont particuli\u00e8rement bienvenues du point de vue de la durabilit\u00e9 ont \u00e9t\u00e9 reprises ;<\/li>\n<li>Les d\u00e9clarations g\u00e9n\u00e9rales, qui repr\u00e9sentent en fait un certain consensus social, n&rsquo;ont pas \u00e9t\u00e9 reprises, notamment parce que leur mise en \u0153uvre est en partie difficile \u00e0 \u00e9valuer ;<\/li>\n<li>En outre, seuls les instruments et les mesures formul\u00e9s de mani\u00e8re suffisamment concr\u00e8te pour permettre une \u00ab \u00e9valuation \u00bb de leur mise en \u0153uvre ont \u00e9t\u00e9 retenus ;<\/li>\n<li>Le <em>Mecoskop<\/em> doit refl\u00e9ter une certaine diversit\u00e9 : c&rsquo;est pourquoi un m\u00e9lange d&rsquo;instruments concrets, parfois techniques, et de mesures\/projets de r\u00e9forme plus fondamentaux, dont la mise en \u0153uvre peut \u00eatre \u00e9valu\u00e9e, a \u00e9t\u00e9 pris en compte ;<\/li>\n<li>Les diff\u00e9rents aspects de la durabilit\u00e9 environnementale doivent se retrouver ;<\/li>\n<li>Le nombre de promesses prises en compte devant rester raisonnable, la priorit\u00e9 a \u00e9t\u00e9 donn\u00e9e \u00e0 celles qui r\u00e9pondent aux crit\u00e8res mentionn\u00e9s. Les mesures dont la mise en \u0153uvre est tellement \u00e9vidente qu&rsquo;elles devraient aller de soi dans les activit\u00e9s quotidiennes d&rsquo;un gouvernement n&rsquo;ont pas \u00e9t\u00e9 reprises.<\/li>\n<\/ul>\n<p>L&rsquo;ensemble des mesures reprises dans le <i>M\u00e9coscope<\/i> doit permettre &#8211; en raison de leur diversit\u00e9 &#8211; d&rsquo;\u00e9tablir une appr\u00e9ciation g\u00e9n\u00e9rale de l&rsquo;action gouvernementale en mati\u00e8re de d\u00e9veloppement durable. Ceci au-del\u00e0 de l&rsquo;\u00e9valuation de la mise en \u0153uvre des diff\u00e9rentes mesures.<\/p>\n","protected":false},"excerpt":{"rendered":"<p>Seules les d\u00e9clarations dans les domaines que le Mouvement Ecologique traite (activement) et suit donc ou qui sont particuli\u00e8rement bienvenues du point de vue de la durabilit\u00e9 ont \u00e9t\u00e9 reprises ; Les d\u00e9clarations g\u00e9n\u00e9rales, qui repr\u00e9sentent en fait un certain consensus social, n&rsquo;ont pas \u00e9t\u00e9 reprises, notamment parce que leur mise en \u0153uvre est en [&hellip;]<\/p>\n","protected":false},"author":2,"featured_media":0,"parent":0,"menu_order":0,"comment_status":"closed","ping_status":"closed","template":"","meta":{"_acf_changed":false,"footnotes":""},"class_list":["post-5060","page","type-page","status-publish","hentry"],"acf":[],"_links":{"self":[{"href":"https:\/\/mecoskop.lu\/fr\/wp-json\/wp\/v2\/pages\/5060","targetHints":{"allow":["GET"]}}],"collection":[{"href":"https:\/\/mecoskop.lu\/fr\/wp-json\/wp\/v2\/pages"}],"about":[{"href":"https:\/\/mecoskop.lu\/fr\/wp-json\/wp\/v2\/types\/page"}],"author":[{"embeddable":true,"href":"https:\/\/mecoskop.lu\/fr\/wp-json\/wp\/v2\/users\/2"}],"replies":[{"embeddable":true,"href":"https:\/\/mecoskop.lu\/fr\/wp-json\/wp\/v2\/comments?post=5060"}],"version-history":[{"count":2,"href":"https:\/\/mecoskop.lu\/fr\/wp-json\/wp\/v2\/pages\/5060\/revisions"}],"predecessor-version":[{"id":5063,"href":"https:\/\/mecoskop.lu\/fr\/wp-json\/wp\/v2\/pages\/5060\/revisions\/5063"}],"wp:attachment":[{"href":"https:\/\/mecoskop.lu\/fr\/wp-json\/wp\/v2\/media?parent=5060"}],"curies":[{"name":"wp","href":"https:\/\/api.w.org\/{rel}","templated":true}]}}