{"id":5471,"date":"2024-12-18T16:27:30","date_gmt":"2024-12-18T14:27:30","guid":{"rendered":"https:\/\/mecoskop.lu\/anregungen-des-mouvement-ecologique-fuer-die-legislaturiode-2023-2028\/"},"modified":"2024-12-19T10:03:59","modified_gmt":"2024-12-19T08:03:59","slug":"anregungen-des-mouvement-ecologique-fuer-die-legislaturiode-2023-2028","status":"publish","type":"page","link":"https:\/\/mecoskop.lu\/fr\/anregungen-des-mouvement-ecologique-fuer-die-legislaturiode-2023-2028\/","title":{"rendered":"Suggestions du Mouvement Ecologique pour la l\u00e9gislature 2023-2028"},"content":{"rendered":"<p><a href=\"https:\/\/www.meco.lu\/wp-content\/uploads\/2023\/03\/Nationalwalen_2023-Francais-Version-Finale.pdf\"><img loading=\"lazy\" decoding=\"async\" class=\"alignleft wp-image-41476\" src=\"http:\/\/www.meco.lu\/wp-content\/uploads\/2023\/05\/Nationalwalen-Titelsait-2023-FR-.jpg\" sizes=\"auto, (max-width: 142px) 100vw, 142px\" srcset=\"https:\/\/www.meco.lu\/wp-content\/uploads\/2023\/05\/Nationalwalen-Titelsait-2023-FR-.jpg 416w, https:\/\/www.meco.lu\/wp-content\/uploads\/2023\/05\/Nationalwalen-Titelsait-2023-FR--210x300.jpg 210w, https:\/\/www.meco.lu\/wp-content\/uploads\/2023\/05\/Nationalwalen-Titelsait-2023-FR--213x305.jpg 213w\" alt=\"\" width=\"142\" height=\"203\" \/><\/a><a href=\"https:\/\/www.meco.lu\/wp-content\/uploads\/2023\/03\/Nationalwalen_2023-Francais-Version-Finale.pdf\"><strong>Une feuille de route pour la p\u00e9riode l\u00e9gislative 2023-2028 : Sociale \u2013 \u00c9cologique \u2013 \u00c9quitable<\/strong><\/a><\/p>\n<p>&nbsp;<\/p>\n<p>&nbsp;<\/p>\n<p>&nbsp;<\/p>\n<p>&nbsp;<\/p>\n<p>Dans une publication compl\u00e8te du Mouvement Ecologique, des propositions concr\u00e8tes pour les \u00e9lections nationales de 2023 au Luxembourg sont expos\u00e9es sur 152 pages !<\/p>\n<p>Mais cette feuille de route offre pour toute la l\u00e9gislature des suggestions concr\u00e8tes sur la mani\u00e8re de concevoir une politique d\u00e9mocratique, vivante et durable au Luxembourg. Et ce sur les th\u00e8mes les plus divers du d\u00e9veloppement durable : de la d\u00e9mocratie, de la protection de l&rsquo;\u00e9nergie et du climat, de la question de la biodiversit\u00e9, de l&rsquo;am\u00e9nagement du territoire et de la mobilit\u00e9 jusqu&rsquo;aux questions de politique \u00e9conomique, d&rsquo;\u00e9ducation, de sant\u00e9, etc.<\/p>\n<p>Gr\u00e2ce \u00e0 son approche globale, il offre aux lecteurs un aper\u00e7u de la vision du Mouvement Ecologique pour un avenir durable au Luxembourg ainsi qu&rsquo;une aide \u00e0 l&rsquo;\u00e9valuation du travail du gouvernement.<\/p>\n<p>&nbsp;<\/p>\n<p>&nbsp;<\/p>\n","protected":false},"excerpt":{"rendered":"<p>Une feuille de route pour la p\u00e9riode l\u00e9gislative 2023-2028 : Sociale \u2013 \u00c9cologique \u2013 \u00c9quitable &nbsp; &nbsp; &nbsp; &nbsp; Dans une publication compl\u00e8te du Mouvement Ecologique, des propositions concr\u00e8tes pour les \u00e9lections nationales de 2023 au Luxembourg sont expos\u00e9es sur 152 pages ! Mais cette feuille de route offre pour toute la l\u00e9gislature des suggestions [&hellip;]<\/p>\n","protected":false},"author":2,"featured_media":0,"parent":0,"menu_order":0,"comment_status":"closed","ping_status":"closed","template":"","meta":{"_acf_changed":false,"footnotes":""},"class_list":["post-5471","page","type-page","status-publish","hentry"],"acf":[],"_links":{"self":[{"href":"https:\/\/mecoskop.lu\/fr\/wp-json\/wp\/v2\/pages\/5471","targetHints":{"allow":["GET"]}}],"collection":[{"href":"https:\/\/mecoskop.lu\/fr\/wp-json\/wp\/v2\/pages"}],"about":[{"href":"https:\/\/mecoskop.lu\/fr\/wp-json\/wp\/v2\/types\/page"}],"author":[{"embeddable":true,"href":"https:\/\/mecoskop.lu\/fr\/wp-json\/wp\/v2\/users\/2"}],"replies":[{"embeddable":true,"href":"https:\/\/mecoskop.lu\/fr\/wp-json\/wp\/v2\/comments?post=5471"}],"version-history":[{"count":5,"href":"https:\/\/mecoskop.lu\/fr\/wp-json\/wp\/v2\/pages\/5471\/revisions"}],"predecessor-version":[{"id":5515,"href":"https:\/\/mecoskop.lu\/fr\/wp-json\/wp\/v2\/pages\/5471\/revisions\/5515"}],"wp:attachment":[{"href":"https:\/\/mecoskop.lu\/fr\/wp-json\/wp\/v2\/media?parent=5471"}],"curies":[{"name":"wp","href":"https:\/\/api.w.org\/{rel}","templated":true}]}}