{"id":61,"date":"2014-02-24T16:40:49","date_gmt":"2014-02-24T15:40:49","guid":{"rendered":"https:\/\/mecoskop.lu\/?page_id=61"},"modified":"2025-11-28T11:44:02","modified_gmt":"2025-11-28T09:44:02","slug":"accueil-2","status":"publish","type":"page","link":"https:\/\/mecoskop.lu\/fr\/","title":{"rendered":"ACCUEIL"},"content":{"rendered":"<p><a href=\"https:\/\/mecoskop.lu\/wp-content\/uploads\/2024\/11\/Mecoskop-Regierung-CSV-DP-N-scaled.jpg\"><img loading=\"lazy\" decoding=\"async\" class=\"alignnone wp-image-4589\" src=\"https:\/\/mecoskop.lu\/wp-content\/uploads\/2024\/11\/Mecoskop-Regierung-CSV-DP-N-scaled.jpg\" alt=\"\" width=\"601\" height=\"419\" srcset=\"https:\/\/mecoskop.lu\/wp-content\/uploads\/2024\/11\/Mecoskop-Regierung-CSV-DP-N-scaled.jpg 2560w, https:\/\/mecoskop.lu\/wp-content\/uploads\/2024\/11\/Mecoskop-Regierung-CSV-DP-N-300x209.jpg 300w, https:\/\/mecoskop.lu\/wp-content\/uploads\/2024\/11\/Mecoskop-Regierung-CSV-DP-N-1024x715.jpg 1024w, https:\/\/mecoskop.lu\/wp-content\/uploads\/2024\/11\/Mecoskop-Regierung-CSV-DP-N-768x536.jpg 768w, https:\/\/mecoskop.lu\/wp-content\/uploads\/2024\/11\/Mecoskop-Regierung-CSV-DP-N-1536x1072.jpg 1536w, https:\/\/mecoskop.lu\/wp-content\/uploads\/2024\/11\/Mecoskop-Regierung-CSV-DP-N-2048x1429.jpg 2048w, https:\/\/mecoskop.lu\/wp-content\/uploads\/2024\/11\/Mecoskop-Regierung-CSV-DP-N-624x435.jpg 624w\" sizes=\"auto, (max-width: 601px) 100vw, 601px\" \/><\/a><\/p>\n<p>Ch\u00e8re visiteuse, cher visiteur,<\/p>\n<p>Nous sommes heureux de l&rsquo;int\u00e9r\u00eat que vous portez au \u00ab M\u00e9coscope \u00bb du Mouvement Ecologique.<\/p>\n<p>Le M\u00e9coscope reprend 77 promesses centrales dans le domaine du d\u00e9veloppement durable issues de l&rsquo;accord de gouvernement et \u00e9value leur \u00e9tat ainsi que la qualit\u00e9 de leur mise en \u0153uvre du point de vue du Mouvement Ecologique.<\/p>\n<p><a href=\"https:\/\/mecoskop.lu\/wp-content\/uploads\/2025\/11\/Mecoskop-phases-de-transposition.png\"><img loading=\"lazy\" decoding=\"async\" class=\" wp-image-5952 alignleft\" src=\"https:\/\/mecoskop.lu\/wp-content\/uploads\/2025\/11\/Mecoskop-phases-de-transposition.png\" alt=\"\" width=\"396\" height=\"178\" srcset=\"https:\/\/mecoskop.lu\/wp-content\/uploads\/2025\/11\/Mecoskop-phases-de-transposition.png 766w, https:\/\/mecoskop.lu\/wp-content\/uploads\/2025\/11\/Mecoskop-phases-de-transposition-300x135.png 300w, https:\/\/mecoskop.lu\/wp-content\/uploads\/2025\/11\/Mecoskop-phases-de-transposition-624x280.png 624w\" sizes=\"auto, (max-width: 396px) 100vw, 396px\" \/><\/a><\/p>\n<p>Le degr\u00e9 de mise en \u0153uvre est repr\u00e9sent\u00e9 en quatre phases diff\u00e9rentes : \u00ab Mise en \u0153uvre pas encore commenc\u00e9e \u00bb \u2013 \u00ab Mise en \u0153uvre en cours \/ en pr\u00e9paration \u00bb \u2013 \u00ab Mise en \u0153uvre bien avanc\u00e9e \u00bb \u2013 \u00ab Mise en \u0153uvre \u00bb.<\/p>\n<p>&nbsp;<\/p>\n<p>L&rsquo;objectif du Mecoskop est d&rsquo;accompagner la mise en \u0153uvre des objectifs que le gouvernement s&rsquo;est lui-m\u00eame fix\u00e9s. Parall\u00e8lement, les personnes int\u00e9ress\u00e9es peuvent d\u00e9couvrir quels projets sont actuellement men\u00e9s ou non dans le domaine du d\u00e9veloppement durable.<\/p>\n<p>Malheureusement, le bilan du travail du gouvernement CSV-DP apr\u00e8s deux ans est hautement probl\u00e9matique. La moiti\u00e9 des promesses n&rsquo;ont m\u00eame pas commenc\u00e9 \u00e0 \u00eatre mises en \u0153uvre.<\/p>\n<p>Lisez la d\u00e9claration d\u00e9taill\u00e9e, l&rsquo;analyse du Mouvement Ecologique expliquant pourquoi, selon lui, le gouvernement \u00e9choue actuellement dans ses projets, et ses propositions pour l&rsquo;avenir <strong><a href=\"https:\/\/mecoskop.lu\/wp-content\/uploads\/2025\/11\/2-Joer-CSV_DP-Regierung_FR.pdf\">ICI<\/a><\/strong>.<\/p>\n<p>&nbsp;<\/p>\n<p>&nbsp;<\/p>\n<p><em>Derni\u00e8re mise \u00e0 jour : novembre 2025<\/em><\/p>\n<p>&nbsp;<\/p>\n<p>&nbsp;<\/p>\n<p>&nbsp;<\/p>\n","protected":false},"excerpt":{"rendered":"<p>Ch\u00e8re visiteuse, cher visiteur, Nous sommes heureux de l&rsquo;int\u00e9r\u00eat que vous portez au \u00ab M\u00e9coscope \u00bb du Mouvement Ecologique. Le M\u00e9coscope reprend 77 promesses centrales dans le domaine du d\u00e9veloppement durable issues de l&rsquo;accord de gouvernement et \u00e9value leur \u00e9tat ainsi que la qualit\u00e9 de leur mise en \u0153uvre du point de vue du Mouvement [&hellip;]<\/p>\n","protected":false},"author":1,"featured_media":0,"parent":0,"menu_order":0,"comment_status":"closed","ping_status":"closed","template":"","meta":{"_acf_changed":false,"footnotes":""},"class_list":["post-61","page","type-page","status-publish","hentry"],"acf":[],"_links":{"self":[{"href":"https:\/\/mecoskop.lu\/fr\/wp-json\/wp\/v2\/pages\/61","targetHints":{"allow":["GET"]}}],"collection":[{"href":"https:\/\/mecoskop.lu\/fr\/wp-json\/wp\/v2\/pages"}],"about":[{"href":"https:\/\/mecoskop.lu\/fr\/wp-json\/wp\/v2\/types\/page"}],"author":[{"embeddable":true,"href":"https:\/\/mecoskop.lu\/fr\/wp-json\/wp\/v2\/users\/1"}],"replies":[{"embeddable":true,"href":"https:\/\/mecoskop.lu\/fr\/wp-json\/wp\/v2\/comments?post=61"}],"version-history":[{"count":30,"href":"https:\/\/mecoskop.lu\/fr\/wp-json\/wp\/v2\/pages\/61\/revisions"}],"predecessor-version":[{"id":5964,"href":"https:\/\/mecoskop.lu\/fr\/wp-json\/wp\/v2\/pages\/61\/revisions\/5964"}],"wp:attachment":[{"href":"https:\/\/mecoskop.lu\/fr\/wp-json\/wp\/v2\/media?parent=61"}],"curies":[{"name":"wp","href":"https:\/\/api.w.org\/{rel}","templated":true}]}}